{"id":144,"date":"2025-09-10T07:17:33","date_gmt":"2025-09-10T05:17:33","guid":{"rendered":"https:\/\/bazzworks.com\/?page_id=144"},"modified":"2026-03-08T19:46:21","modified_gmt":"2026-03-08T18:46:21","slug":"o-mnie","status":"publish","type":"page","link":"https:\/\/bazzworks.com\/?page_id=144","title":{"rendered":"o mnie"},"content":{"rendered":"\t\t<div data-elementor-type=\"wp-page\" data-elementor-id=\"144\" class=\"elementor elementor-144\" data-elementor-post-type=\"page\">\n\t\t\t\t<div class=\"elementor-element elementor-element-2f14136 e-flex e-con-boxed e-con e-parent\" data-id=\"2f14136\" data-element_type=\"container\">\n\t\t\t\t\t<div class=\"e-con-inner\">\n\t\t<div class=\"elementor-element elementor-element-96f6cde e-con-full e-flex e-con e-child\" data-id=\"96f6cde\" data-element_type=\"container\" data-settings=\"{&quot;background_background&quot;:&quot;classic&quot;}\">\n\t\t\t\t<div class=\"elementor-element elementor-element-1cb0bdb elementor-widget elementor-widget-image\" data-id=\"1cb0bdb\" data-element_type=\"widget\" data-widget_type=\"image.default\">\n\t\t\t\t\t\t\t\t\t\t\t\t\t\t\t<img fetchpriority=\"high\" decoding=\"async\" width=\"286\" height=\"300\" src=\"https:\/\/bazzworks.com\/wp-content\/uploads\/2026\/02\/file_000000004130724681c765224a275b23-e1772226481951-286x300.png\" class=\"attachment-medium size-medium wp-image-778\" alt=\"file 000000004130724681c765224a275b23\" srcset=\"https:\/\/bazzworks.com\/wp-content\/uploads\/2026\/02\/file_000000004130724681c765224a275b23-e1772226481951-286x300.png 286w, https:\/\/bazzworks.com\/wp-content\/uploads\/2026\/02\/file_000000004130724681c765224a275b23-e1772226481951-976x1024.png 976w, https:\/\/bazzworks.com\/wp-content\/uploads\/2026\/02\/file_000000004130724681c765224a275b23-e1772226481951-768x806.png 768w, https:\/\/bazzworks.com\/wp-content\/uploads\/2026\/02\/file_000000004130724681c765224a275b23-e1772226481951.png 1010w\" sizes=\"(max-width: 286px) 100vw, 286px\" title=\"o mnie\">\t\t\t\t\t\t\t\t\t\t\t\t\t\t\t<\/div>\n\t\t\t\t<div class=\"elementor-element elementor-element-00700e8 elementor-widget elementor-widget-heading\" data-id=\"00700e8\" data-element_type=\"widget\" data-widget_type=\"heading.default\">\n\t\t\t\t\t<h2 class=\"elementor-heading-title elementor-size-default\">\u0141ukasz Lewandowski<\/h2>\t\t\t\t<\/div>\n\t\t\t\t<div class=\"elementor-element elementor-element-4f18932 elementor-widget elementor-widget-text-editor\" data-id=\"4f18932\" data-element_type=\"widget\" data-widget_type=\"text-editor.default\">\n\t\t\t\t\t\t\t\t\t<p>CEO &amp; founder<\/p>\t\t\t\t\t\t\t\t<\/div>\n\t\t\t\t<div class=\"elementor-element elementor-element-04ff776 elementor-widget-divider--view-line elementor-widget elementor-widget-divider\" data-id=\"04ff776\" data-element_type=\"widget\" data-widget_type=\"divider.default\">\n\t\t\t\t\t\t\t<div class=\"elementor-divider\">\n\t\t\t<span class=\"elementor-divider-separator\">\n\t\t\t\t\t\t<\/span>\n\t\t<\/div>\n\t\t\t\t\t\t<\/div>\n\t\t\t\t<div class=\"elementor-element elementor-element-4c3058e elementor-widget elementor-widget-text-editor\" data-id=\"4c3058e\" data-element_type=\"widget\" data-widget_type=\"text-editor.default\">\n\t\t\t\t\t\t\t\t\t<p>W <strong>bazzworks.com<\/strong> od 4 lat \u0142\u0105cz\u0119 proces tworzenia stron z nowoczesnym SEO opartym na AI. Moje podej\u015bcie jest proste: buduj\u0119 witryny, kt\u00f3re nie tylko przyci\u0105gaj\u0105 wzrok, ale dzi\u0119ki inteligentnej optymalizacji, b\u0142yskawicznie pn\u0105 si\u0119 w g\u00f3r\u0119 wynik\u00f3w wyszukiwania. Wykorzystuj\u0119 potencja\u0142 sztucznej inteligencji w pozycjonowaniu, aby dostarcza\u0107 Twojej marce realn\u0105 przewag\u0119 nad konkurencj\u0105.<\/p>\t\t\t\t\t\t\t\t<\/div>\n\t\t\t\t<div class=\"elementor-element elementor-element-6e37b5c elementor-widget elementor-widget-heading\" data-id=\"6e37b5c\" data-element_type=\"widget\" data-widget_type=\"heading.default\">\n\t\t\t\t\t<h2 class=\"elementor-heading-title elementor-size-default\">\u0141ukasz Lewandowski<\/h2>\t\t\t\t<\/div>\n\t\t\t\t<\/div>\n\t\t\t\t\t<\/div>\n\t\t\t\t<\/div>\n\t\t\t\t<\/div>\n\t\t","protected":false},"excerpt":{"rendered":"<p>\u0141ukasz Lewandowski CEO &amp; founder W bazzworks.com od 4 lat \u0142\u0105cz\u0119 proces tworzenia stron z nowoczesnym SEO opartym na AI. [&hellip;]<\/p>\n","protected":false},"author":1,"featured_media":0,"parent":0,"menu_order":0,"comment_status":"closed","ping_status":"closed","template":"","meta":{"_uag_custom_page_level_css":"","site-sidebar-layout":"no-sidebar","site-content-layout":"","ast-site-content-layout":"full-width-container","site-content-style":"default","site-sidebar-style":"default","ast-global-header-display":"","ast-banner-title-visibility":"","ast-main-header-display":"","ast-hfb-above-header-display":"","ast-hfb-below-header-display":"","ast-hfb-mobile-header-display":"","site-post-title":"","ast-breadcrumbs-content":"","ast-featured-img":"disabled","footer-sml-layout":"","ast-disable-related-posts":"","theme-transparent-header-meta":"","adv-header-id-meta":"","stick-header-meta":"","header-above-stick-meta":"","header-main-stick-meta":"","header-below-stick-meta":"","astra-migrate-meta-layouts":"default","ast-page-background-enabled":"default","ast-page-background-meta":{"desktop":{"background-color":"var(--ast-global-color-4)","background-image":"","background-repeat":"repeat","background-position":"center center","background-size":"auto","background-attachment":"scroll","background-type":"","background-media":"","overlay-type":"","overlay-color":"","overlay-opacity":"","overlay-gradient":""},"tablet":{"background-color":"","background-image":"","background-repeat":"repeat","background-position":"center center","background-size":"auto","background-attachment":"scroll","background-type":"","background-media":"","overlay-type":"","overlay-color":"","overlay-opacity":"","overlay-gradient":""},"mobile":{"background-color":"","background-image":"","background-repeat":"repeat","background-position":"center center","background-size":"auto","background-attachment":"scroll","background-type":"","background-media":"","overlay-type":"","overlay-color":"","overlay-opacity":"","overlay-gradient":""}},"ast-content-background-meta":{"desktop":{"background-color":"var(--ast-global-color-5)","background-image":"","background-repeat":"repeat","background-position":"center center","background-size":"auto","background-attachment":"scroll","background-type":"","background-media":"","overlay-type":"","overlay-color":"","overlay-opacity":"","overlay-gradient":""},"tablet":{"background-color":"var(--ast-global-color-5)","background-image":"","background-repeat":"repeat","background-position":"center center","background-size":"auto","background-attachment":"scroll","background-type":"","background-media":"","overlay-type":"","overlay-color":"","overlay-opacity":"","overlay-gradient":""},"mobile":{"background-color":"var(--ast-global-color-5)","background-image":"","background-repeat":"repeat","background-position":"center center","background-size":"auto","background-attachment":"scroll","background-type":"","background-media":"","overlay-type":"","overlay-color":"","overlay-opacity":"","overlay-gradient":""}},"footnotes":""},"class_list":["post-144","page","type-page","status-publish","hentry"],"uagb_featured_image_src":{"full":false,"thumbnail":false,"medium":false,"medium_large":false,"large":false,"1536x1536":false,"2048x2048":false},"uagb_author_info":{"display_name":"Bazz1983","author_link":"https:\/\/bazzworks.com\/?author=1"},"uagb_comment_info":0,"uagb_excerpt":"\u0141ukasz Lewandowski CEO &amp; founder W bazzworks.com od 4 lat \u0142\u0105cz\u0119 proces tworzenia stron z nowoczesnym SEO opartym na AI. [&hellip;]","_links":{"self":[{"href":"https:\/\/bazzworks.com\/index.php?rest_route=\/wp\/v2\/pages\/144","targetHints":{"allow":["GET"]}}],"collection":[{"href":"https:\/\/bazzworks.com\/index.php?rest_route=\/wp\/v2\/pages"}],"about":[{"href":"https:\/\/bazzworks.com\/index.php?rest_route=\/wp\/v2\/types\/page"}],"author":[{"embeddable":true,"href":"https:\/\/bazzworks.com\/index.php?rest_route=\/wp\/v2\/users\/1"}],"replies":[{"embeddable":true,"href":"https:\/\/bazzworks.com\/index.php?rest_route=%2Fwp%2Fv2%2Fcomments&post=144"}],"version-history":[{"count":3,"href":"https:\/\/bazzworks.com\/index.php?rest_route=\/wp\/v2\/pages\/144\/revisions"}],"predecessor-version":[{"id":1928,"href":"https:\/\/bazzworks.com\/index.php?rest_route=\/wp\/v2\/pages\/144\/revisions\/1928"}],"wp:attachment":[{"href":"https:\/\/bazzworks.com\/index.php?rest_route=%2Fwp%2Fv2%2Fmedia&parent=144"}],"curies":[{"name":"wp","href":"https:\/\/api.w.org\/{rel}","templated":true}]}}